{"id":319,"date":"2020-02-18T10:14:06","date_gmt":"2020-02-18T10:14:06","guid":{"rendered":"http:\/\/bizix.premiumthemes.in\/?page_id=319"},"modified":"2023-09-12T16:03:19","modified_gmt":"2023-09-12T14:03:19","slug":"services","status":"publish","type":"page","link":"https:\/\/ibacom.eu\/index.php\/services\/","title":{"rendered":"Services"},"content":{"rendered":"\t\t<div data-elementor-type=\"wp-page\" data-elementor-id=\"319\" class=\"elementor elementor-319\">\n\t\t\t\t\t\t<div class=\"elementor-inner\">\n\t\t\t\t<div class=\"elementor-section-wrap\">\n\t\t\t\t\t\t\t\t\t<section class=\"elementor-section elementor-top-section elementor-element elementor-element-4ef1ae2b elementor-section-content-middle elementor-section-full_width elementor-reverse-mobile elementor-reverse-tablet elementor-section-height-default elementor-section-height-default\" data-id=\"4ef1ae2b\" data-element_type=\"section\" data-settings=\"{&quot;background_background&quot;:&quot;classic&quot;}\">\n\t\t\t\t\t\t<div class=\"elementor-container elementor-column-gap-no\">\n\t\t\t\t\t\t\t<div class=\"elementor-row\">\n\t\t\t\t\t<div class=\"elementor-column elementor-col-100 elementor-top-column elementor-element elementor-element-eb0f739\" data-id=\"eb0f739\" data-element_type=\"column\">\n\t\t\t<div class=\"elementor-column-wrap elementor-element-populated\">\n\t\t\t\t\t\t\t<div class=\"elementor-widget-wrap\">\n\t\t\t\t\t\t<div class=\"elementor-element elementor-element-79a7ab5b elementor-widget elementor-widget-heading\" data-id=\"79a7ab5b\" data-element_type=\"widget\" data-widget_type=\"heading.default\">\n\t\t\t\t<div class=\"elementor-widget-container\">\n\t\t\t<h1 class=\"elementor-heading-title elementor-size-default\">Nos Services<\/h1>\t\t<\/div>\n\t\t\t\t<\/div>\n\t\t\t\t<div class=\"elementor-element elementor-element-353355a8 elementor-widget elementor-widget-text-editor\" data-id=\"353355a8\" data-element_type=\"widget\" data-widget_type=\"text-editor.default\">\n\t\t\t\t<div class=\"elementor-widget-container\">\n\t\t\t\t\t\t\t\t<div class=\"elementor-text-editor elementor-clearfix\">\n\t\t\t\t<p>IBACOM est bien plus qu&rsquo;une simple agence commerciale. C&rsquo;est votre partenaire de confiance, pr\u00eat \u00e0 relever tous les d\u00e9fis et \u00e0 saisir toutes les opportunit\u00e9s qui se pr\u00e9sentent.\u00a0<\/p>\t\t\t\t\t<\/div>\n\t\t\t\t\t\t<\/div>\n\t\t\t\t<\/div>\n\t\t\t\t\t\t<\/div>\n\t\t\t\t\t<\/div>\n\t\t<\/div>\n\t\t\t\t\t\t\t\t<\/div>\n\t\t\t\t\t<\/div>\n\t\t<\/section>\n\t\t\t\t<section class=\"elementor-section elementor-top-section elementor-element elementor-element-7c4548fd elementor-section-content-middle elementor-section-full_width elementor-section-height-default elementor-section-height-default elementor-invisible\" data-id=\"7c4548fd\" data-element_type=\"section\" data-settings=\"{&quot;background_background&quot;:&quot;classic&quot;,&quot;animation&quot;:&quot;slideInLeft&quot;}\">\n\t\t\t\t\t\t<div class=\"elementor-container elementor-column-gap-no\">\n\t\t\t\t\t\t\t<div class=\"elementor-row\">\n\t\t\t\t\t<div class=\"elementor-column elementor-col-50 elementor-top-column elementor-element elementor-element-5e42b28e\" data-id=\"5e42b28e\" data-element_type=\"column\">\n\t\t\t<div class=\"elementor-column-wrap elementor-element-populated\">\n\t\t\t\t\t\t\t<div class=\"elementor-widget-wrap\">\n\t\t\t\t\t\t<div class=\"elementor-element elementor-element-53f03c66 elementor-widget elementor-widget-heading\" data-id=\"53f03c66\" data-element_type=\"widget\" data-widget_type=\"heading.default\">\n\t\t\t\t<div class=\"elementor-widget-container\">\n\t\t\t<h2 class=\"elementor-heading-title elementor-size-default\">Grand public & N\u00e9goce<\/h2>\t\t<\/div>\n\t\t\t\t<\/div>\n\t\t\t\t<div class=\"elementor-element elementor-element-7aa04e4f elementor-widget elementor-widget-text-editor\" data-id=\"7aa04e4f\" data-element_type=\"widget\" data-widget_type=\"text-editor.default\">\n\t\t\t\t<div class=\"elementor-widget-container\">\n\t\t\t\t\t\t\t\t<div class=\"elementor-text-editor elementor-clearfix\">\n\t\t\t\t<p>Ibacom, votre agence commerciale de confiance, se consacre \u00e0 <strong>la vente et au suivi de vos produits<\/strong> aupr\u00e8s des plus grandes enseignes Grand Public et n\u00e9goce en France.<\/p><p>Nous mettons en avant votre gamme de produits, veillons \u00e0 leur pr\u00e9sence sur les rayons, et entretenons des relations \u00e9troites avec les distributeurs pour maximiser vos ventes. Gr\u00e2ce \u00e0 notre expertise, <strong>votre marque gagne en visibilit\u00e9, <\/strong>en<strong> notori\u00e9t\u00e9 <\/strong>et en<strong> rentabilit\u00e9<\/strong> sur ce march\u00e9 comp\u00e9titif.<\/p><p>Faites-nous confiance pour d\u00e9velopper votre activit\u00e9 dans le secteur Grand Public et n\u00e9goce, et atteindre de nouveaux sommets.<\/p>\t\t\t\t\t<\/div>\n\t\t\t\t\t\t<\/div>\n\t\t\t\t<\/div>\n\t\t\t\t\t\t<\/div>\n\t\t\t\t\t<\/div>\n\t\t<\/div>\n\t\t\t\t<div class=\"elementor-column elementor-col-50 elementor-top-column elementor-element elementor-element-2ac8c7d\" data-id=\"2ac8c7d\" data-element_type=\"column\">\n\t\t\t<div class=\"elementor-column-wrap elementor-element-populated\">\n\t\t\t\t\t\t\t<div class=\"elementor-widget-wrap\">\n\t\t\t\t\t\t<div class=\"elementor-element elementor-element-116b86f3 elementor-widget__width-initial elementor-widget elementor-widget-image\" data-id=\"116b86f3\" data-element_type=\"widget\" data-settings=\"{&quot;_animation&quot;:&quot;none&quot;}\" data-widget_type=\"image.default\">\n\t\t\t\t<div class=\"elementor-widget-container\">\n\t\t\t\t\t\t\t\t<div class=\"elementor-image\">\n\t\t\t\t\t\t\t\t\t\t\t\t<img decoding=\"async\" width=\"450\" height=\"450\" src=\"https:\/\/ibacom.eu\/wp-content\/uploads\/2023\/05\/visseuse-einhell.jpg\" class=\"attachment-full size-full wp-image-2348\" alt=\"\" loading=\"lazy\" srcset=\"https:\/\/ibacom.eu\/wp-content\/uploads\/2023\/05\/visseuse-einhell.jpg 450w, https:\/\/ibacom.eu\/wp-content\/uploads\/2023\/05\/visseuse-einhell-300x300.jpg 300w, https:\/\/ibacom.eu\/wp-content\/uploads\/2023\/05\/visseuse-einhell-150x150.jpg 150w, https:\/\/ibacom.eu\/wp-content\/uploads\/2023\/05\/visseuse-einhell-90x90.jpg 90w\" sizes=\"(max-width: 450px) 100vw, 450px\" \/>\t\t\t\t\t\t\t\t\t\t\t\t\t\t<\/div>\n\t\t\t\t\t\t<\/div>\n\t\t\t\t<\/div>\n\t\t\t\t\t\t<\/div>\n\t\t\t\t\t<\/div>\n\t\t<\/div>\n\t\t\t\t\t\t\t\t<\/div>\n\t\t\t\t\t<\/div>\n\t\t<\/section>\n\t\t\t\t<section class=\"elementor-section elementor-top-section elementor-element elementor-element-7ee97a10 elementor-section-content-middle elementor-section-full_width elementor-reverse-mobile elementor-section-height-default elementor-section-height-default elementor-invisible\" data-id=\"7ee97a10\" data-element_type=\"section\" data-settings=\"{&quot;background_background&quot;:&quot;classic&quot;,&quot;animation&quot;:&quot;slideInRight&quot;}\">\n\t\t\t\t\t\t<div class=\"elementor-container elementor-column-gap-no\">\n\t\t\t\t\t\t\t<div class=\"elementor-row\">\n\t\t\t\t\t<div class=\"elementor-column elementor-col-50 elementor-top-column elementor-element elementor-element-298e8c13\" data-id=\"298e8c13\" data-element_type=\"column\">\n\t\t\t<div class=\"elementor-column-wrap elementor-element-populated\">\n\t\t\t\t\t\t\t<div class=\"elementor-widget-wrap\">\n\t\t\t\t\t\t<div class=\"elementor-element elementor-element-7cf0f63b elementor-widget elementor-widget-image\" data-id=\"7cf0f63b\" data-element_type=\"widget\" data-settings=\"{&quot;_animation&quot;:&quot;none&quot;}\" data-widget_type=\"image.default\">\n\t\t\t\t<div class=\"elementor-widget-container\">\n\t\t\t\t\t\t\t\t<div class=\"elementor-image\">\n\t\t\t\t\t\t\t\t\t\t\t\t<img decoding=\"async\" width=\"325\" height=\"351\" src=\"https:\/\/ibacom.eu\/wp-content\/uploads\/2023\/05\/echafaudage-roulant-pliable-multifonction-4m50-aluminium-hailo-fastlock-combi-5.jpeg\" class=\"attachment-large size-large wp-image-2349\" alt=\"\" loading=\"lazy\" srcset=\"https:\/\/ibacom.eu\/wp-content\/uploads\/2023\/05\/echafaudage-roulant-pliable-multifonction-4m50-aluminium-hailo-fastlock-combi-5.jpeg 325w, https:\/\/ibacom.eu\/wp-content\/uploads\/2023\/05\/echafaudage-roulant-pliable-multifonction-4m50-aluminium-hailo-fastlock-combi-5-278x300.jpeg 278w\" sizes=\"(max-width: 325px) 100vw, 325px\" \/>\t\t\t\t\t\t\t\t\t\t\t\t\t\t<\/div>\n\t\t\t\t\t\t<\/div>\n\t\t\t\t<\/div>\n\t\t\t\t\t\t<\/div>\n\t\t\t\t\t<\/div>\n\t\t<\/div>\n\t\t\t\t<div class=\"elementor-column elementor-col-50 elementor-top-column elementor-element elementor-element-1a4e5dfe\" data-id=\"1a4e5dfe\" data-element_type=\"column\">\n\t\t\t<div class=\"elementor-column-wrap elementor-element-populated\">\n\t\t\t\t\t\t\t<div class=\"elementor-widget-wrap\">\n\t\t\t\t\t\t<div class=\"elementor-element elementor-element-26f0138a elementor-widget elementor-widget-heading\" data-id=\"26f0138a\" data-element_type=\"widget\" data-widget_type=\"heading.default\">\n\t\t\t\t<div class=\"elementor-widget-container\">\n\t\t\t<h2 class=\"elementor-heading-title elementor-size-default\">QFI et Sp\u00e9cialistes<\/h2>\t\t<\/div>\n\t\t\t\t<\/div>\n\t\t\t\t<div class=\"elementor-element elementor-element-6f08e69c elementor-widget elementor-widget-text-editor\" data-id=\"6f08e69c\" data-element_type=\"widget\" data-widget_type=\"text-editor.default\">\n\t\t\t\t<div class=\"elementor-widget-container\">\n\t\t\t\t\t\t\t\t<div class=\"elementor-text-editor elementor-clearfix\">\n\t\t\t\t<p>Chez Ibacom, <strong>nous sommes d\u00e9di\u00e9s \u00e0 la r\u00e9ussite de votre entreprise<\/strong>. Nous nous sp\u00e9cialisons dans la vente et la gestion de vos produits aupr\u00e8s des principales enseignes QFI et Sp\u00e9cialistes en France. Notre mission est simple : mettre en avant votre gamme de produits, assurer leur visibilit\u00e9 dans les rayons et cultiver des relations solides avec les distributeurs pour <strong>maximiser vos ventes<\/strong>.<\/p><p>Notre \u00e9quipe d&rsquo;agents commerciaux professionnels est votre atout majeur. Forts d&rsquo;une connaissance approfondie du march\u00e9, nous \u00e9laborons des strat\u00e9gies personnalis\u00e9es qui propulsent votre marque vers de nouveaux sommets. Gr\u00e2ce \u00e0 notre expertise et notre passion du m\u00e9tier, votre entreprise <strong>gagnera en visibilit\u00e9 et en rentabilit\u00e9<\/strong> rapidement.<\/p>\t\t\t\t\t<\/div>\n\t\t\t\t\t\t<\/div>\n\t\t\t\t<\/div>\n\t\t\t\t\t\t<\/div>\n\t\t\t\t\t<\/div>\n\t\t<\/div>\n\t\t\t\t\t\t\t\t<\/div>\n\t\t\t\t\t<\/div>\n\t\t<\/section>\n\t\t\t\t<section class=\"elementor-section elementor-top-section elementor-element elementor-element-41ad8199 elementor-section-content-middle elementor-reverse-tablet elementor-reverse-mobile elementor-section-boxed elementor-section-height-default elementor-section-height-default elementor-invisible\" data-id=\"41ad8199\" data-element_type=\"section\" data-settings=\"{&quot;background_background&quot;:&quot;classic&quot;,&quot;animation&quot;:&quot;slideInUp&quot;}\">\n\t\t\t\t\t\t<div class=\"elementor-container elementor-column-gap-no\">\n\t\t\t\t\t\t\t<div class=\"elementor-row\">\n\t\t\t\t\t<div class=\"elementor-column elementor-col-100 elementor-top-column elementor-element elementor-element-41508e10\" data-id=\"41508e10\" data-element_type=\"column\">\n\t\t\t<div class=\"elementor-column-wrap elementor-element-populated\">\n\t\t\t\t\t\t\t<div class=\"elementor-widget-wrap\">\n\t\t\t\t\t\t<div class=\"elementor-element elementor-element-4a171849 elementor-widget elementor-widget-heading\" data-id=\"4a171849\" data-element_type=\"widget\" data-widget_type=\"heading.default\">\n\t\t\t\t<div class=\"elementor-widget-container\">\n\t\t\t<h3 class=\"elementor-heading-title elementor-size-default\">Faites appel \u00e0 notre Agence Commerciale<\/h3>\t\t<\/div>\n\t\t\t\t<\/div>\n\t\t\t\t<div class=\"elementor-element elementor-element-cfd73f7 elementor-widget elementor-widget-image\" data-id=\"cfd73f7\" data-element_type=\"widget\" data-widget_type=\"image.default\">\n\t\t\t\t<div class=\"elementor-widget-container\">\n\t\t\t\t\t\t\t\t<div class=\"elementor-image\">\n\t\t\t\t\t\t\t\t\t\t\t\t<img decoding=\"async\" width=\"577\" height=\"433\" src=\"https:\/\/ibacom.eu\/wp-content\/uploads\/2023\/05\/equipe-ibacom.png\" class=\"attachment-large size-large wp-image-2352\" alt=\"\" loading=\"lazy\" srcset=\"https:\/\/ibacom.eu\/wp-content\/uploads\/2023\/05\/equipe-ibacom.png 577w, https:\/\/ibacom.eu\/wp-content\/uploads\/2023\/05\/equipe-ibacom-300x225.png 300w\" sizes=\"(max-width: 577px) 100vw, 577px\" \/>\t\t\t\t\t\t\t\t\t\t\t\t\t\t<\/div>\n\t\t\t\t\t\t<\/div>\n\t\t\t\t<\/div>\n\t\t\t\t<div class=\"elementor-element elementor-element-7fcc1149 elementor-widget elementor-widget-text-editor\" data-id=\"7fcc1149\" data-element_type=\"widget\" data-widget_type=\"text-editor.default\">\n\t\t\t\t<div class=\"elementor-widget-container\">\n\t\t\t\t\t\t\t\t<div class=\"elementor-text-editor elementor-clearfix\">\n\t\t\t\t<p>Faites-nous confiance pour d\u00e9velopper votre activit\u00e9 dans les secteurs grand public \/ n\u00e9goce et QFI \/ Sp\u00e9cialistes. Contactez-nous d\u00e8s aujourd&rsquo;hui pour commencer ce voyage vers le succ\u00e8s !<\/p>\t\t\t\t\t<\/div>\n\t\t\t\t\t\t<\/div>\n\t\t\t\t<\/div>\n\t\t\t\t<div class=\"elementor-element elementor-element-dc3313f elementor-align-center elementor-widget elementor-widget-button\" data-id=\"dc3313f\" data-element_type=\"widget\" data-widget_type=\"button.default\">\n\t\t\t\t<div class=\"elementor-widget-container\">\n\t\t\t\t\t<div class=\"elementor-button-wrapper\">\n\t\t\t<a href=\"https:\/\/ibacom.eu\/index.php\/contacts\/\" class=\"elementor-button-link elementor-button elementor-size-sm\" role=\"button\">\n\t\t\t\t\t\t<span class=\"elementor-button-content-wrapper\">\n\t\t\t\t\t\t<span class=\"elementor-button-text\">Contactez-nous<\/span>\n\t\t<\/span>\n\t\t\t\t\t<\/a>\n\t\t<\/div>\n\t\t\t\t<\/div>\n\t\t\t\t<\/div>\n\t\t\t\t\t\t<\/div>\n\t\t\t\t\t<\/div>\n\t\t<\/div>\n\t\t\t\t\t\t\t\t<\/div>\n\t\t\t\t\t<\/div>\n\t\t<\/section>\n\t\t\t\t\t\t\t\t\t<\/div>\n\t\t\t<\/div>\n\t\t\t\t\t<\/div>\n\t\t","protected":false},"excerpt":{"rendered":"<p>Nos Services IBACOM est bien plus qu&rsquo;une simple agence commerciale. C&rsquo;est votre partenaire de confiance, pr\u00eat \u00e0 relever tous les d\u00e9fis et \u00e0 saisir toutes les opportunit\u00e9s qui se pr\u00e9sentent.\u00a0 Grand public &#038; N\u00e9goce Ibacom, votre agence commerciale de confiance, se consacre \u00e0 la vente et au suivi de vos [&hellip;]<\/p>\n","protected":false},"author":1,"featured_media":0,"parent":0,"menu_order":0,"comment_status":"closed","ping_status":"closed","template":"elementor_header_footer","meta":[],"_links":{"self":[{"href":"https:\/\/ibacom.eu\/index.php\/wp-json\/wp\/v2\/pages\/319"}],"collection":[{"href":"https:\/\/ibacom.eu\/index.php\/wp-json\/wp\/v2\/pages"}],"about":[{"href":"https:\/\/ibacom.eu\/index.php\/wp-json\/wp\/v2\/types\/page"}],"author":[{"embeddable":true,"href":"https:\/\/ibacom.eu\/index.php\/wp-json\/wp\/v2\/users\/1"}],"replies":[{"embeddable":true,"href":"https:\/\/ibacom.eu\/index.php\/wp-json\/wp\/v2\/comments?post=319"}],"version-history":[{"count":16,"href":"https:\/\/ibacom.eu\/index.php\/wp-json\/wp\/v2\/pages\/319\/revisions"}],"predecessor-version":[{"id":2373,"href":"https:\/\/ibacom.eu\/index.php\/wp-json\/wp\/v2\/pages\/319\/revisions\/2373"}],"wp:attachment":[{"href":"https:\/\/ibacom.eu\/index.php\/wp-json\/wp\/v2\/media?parent=319"}],"curies":[{"name":"wp","href":"https:\/\/api.w.org\/{rel}","templated":true}]}}