{"id":161,"date":"2020-02-17T14:59:59","date_gmt":"2020-02-17T14:59:59","guid":{"rendered":"http:\/\/bizix.premiumthemes.in\/?page_id=161"},"modified":"2023-09-12T17:00:14","modified_gmt":"2023-09-12T15:00:14","slug":"about-us","status":"publish","type":"page","link":"https:\/\/ibacom.eu\/index.php\/about-us\/","title":{"rendered":"Qui sommes nous ?"},"content":{"rendered":"\t\t<div data-elementor-type=\"wp-page\" data-elementor-id=\"161\" class=\"elementor elementor-161\">\n\t\t\t\t\t\t<div class=\"elementor-inner\">\n\t\t\t\t<div class=\"elementor-section-wrap\">\n\t\t\t\t\t\t\t\t\t<section class=\"elementor-section elementor-top-section elementor-element elementor-element-6024e7bb elementor-section-stretched elementor-section-boxed elementor-section-height-default elementor-section-height-default\" data-id=\"6024e7bb\" data-element_type=\"section\" data-settings=\"{&quot;stretch_section&quot;:&quot;section-stretched&quot;,&quot;background_background&quot;:&quot;classic&quot;}\">\n\t\t\t\t\t\t<div class=\"elementor-container elementor-column-gap-no\">\n\t\t\t\t\t\t\t<div class=\"elementor-row\">\n\t\t\t\t\t<div class=\"elementor-column elementor-col-100 elementor-top-column elementor-element elementor-element-54a868a9\" data-id=\"54a868a9\" data-element_type=\"column\">\n\t\t\t<div class=\"elementor-column-wrap elementor-element-populated\">\n\t\t\t\t\t\t\t<div class=\"elementor-widget-wrap\">\n\t\t\t\t\t\t<section class=\"elementor-section elementor-inner-section elementor-element elementor-element-10eb5f79 elementor-section-boxed elementor-section-height-default elementor-section-height-default\" data-id=\"10eb5f79\" data-element_type=\"section\" data-settings=\"{&quot;background_background&quot;:&quot;classic&quot;}\">\n\t\t\t\t\t\t<div class=\"elementor-container elementor-column-gap-no\">\n\t\t\t\t\t\t\t<div class=\"elementor-row\">\n\t\t\t\t\t<div class=\"elementor-column elementor-col-100 elementor-inner-column elementor-element elementor-element-255e55e8\" data-id=\"255e55e8\" data-element_type=\"column\">\n\t\t\t<div class=\"elementor-column-wrap elementor-element-populated\">\n\t\t\t\t\t\t\t<div class=\"elementor-widget-wrap\">\n\t\t\t\t\t\t<div class=\"elementor-element elementor-element-5f5130a elementor-widget elementor-widget-heading\" data-id=\"5f5130a\" data-element_type=\"widget\" data-widget_type=\"heading.default\">\n\t\t\t\t<div class=\"elementor-widget-container\">\n\t\t\t<h2 class=\"elementor-heading-title elementor-size-default\">L'\u00e9quipe IBACOM<\/h2>\t\t<\/div>\n\t\t\t\t<\/div>\n\t\t\t\t<div class=\"elementor-element elementor-element-5468836 elementor-widget elementor-widget-text-editor\" data-id=\"5468836\" data-element_type=\"widget\" data-widget_type=\"text-editor.default\">\n\t\t\t\t<div class=\"elementor-widget-container\">\n\t\t\t\t\t\t\t\t<div class=\"elementor-text-editor elementor-clearfix\">\n\t\t\t\t<p>IBACOM et IBACOM PACA c&rsquo;est 12 collaborateurs passionn\u00e9s, recouvrant 27 d\u00e9partements afin de travailler dans le secteur du grand public mais aussi dans le secteur professionnel.<\/p>\t\t\t\t\t<\/div>\n\t\t\t\t\t\t<\/div>\n\t\t\t\t<\/div>\n\t\t\t\t<div class=\"elementor-element elementor-element-3743d36 elementor-arrows-position-inside elementor-pagination-position-outside elementor-widget elementor-widget-image-carousel\" data-id=\"3743d36\" data-element_type=\"widget\" data-settings=\"{&quot;slides_to_scroll&quot;:&quot;1&quot;,&quot;autoplay_speed&quot;:2500,&quot;speed&quot;:800,&quot;navigation&quot;:&quot;both&quot;,&quot;autoplay&quot;:&quot;yes&quot;,&quot;pause_on_hover&quot;:&quot;yes&quot;,&quot;pause_on_interaction&quot;:&quot;yes&quot;,&quot;infinite&quot;:&quot;yes&quot;}\" data-widget_type=\"image-carousel.default\">\n\t\t\t\t<div class=\"elementor-widget-container\">\n\t\t\t\t\t<div class=\"elementor-image-carousel-wrapper swiper-container\" dir=\"ltr\">\n\t\t\t<div class=\"elementor-image-carousel swiper-wrapper\">\n\t\t\t\t\t\t\t\t<div class=\"swiper-slide\"><figure class=\"swiper-slide-inner\"><img decoding=\"async\" class=\"swiper-slide-image\" src=\"https:\/\/ibacom.eu\/wp-content\/uploads\/2023\/01\/Je\u0301ro\u0302me-Clavel.jpg\" alt=\"Je\u0301ro\u0302me-Clavel\" \/><\/figure><\/div><div class=\"swiper-slide\"><figure class=\"swiper-slide-inner\"><img decoding=\"async\" class=\"swiper-slide-image\" src=\"https:\/\/ibacom.eu\/wp-content\/uploads\/2023\/01\/Philippe-Haffner.jpg\" alt=\"Philippe-Haffner\" \/><\/figure><\/div><div class=\"swiper-slide\"><figure class=\"swiper-slide-inner\"><img decoding=\"async\" class=\"swiper-slide-image\" src=\"https:\/\/ibacom.eu\/wp-content\/uploads\/2023\/01\/Adrien-Gardaz-scaled.jpg\" alt=\"Adrien-Gardaz\" \/><\/figure><\/div><div class=\"swiper-slide\"><figure class=\"swiper-slide-inner\"><img decoding=\"async\" class=\"swiper-slide-image\" src=\"https:\/\/ibacom.eu\/wp-content\/uploads\/2023\/01\/Pierre-Sobieraj.jpg\" alt=\"Pierre-Sobieraj\" \/><\/figure><\/div><div class=\"swiper-slide\"><figure class=\"swiper-slide-inner\"><img decoding=\"async\" class=\"swiper-slide-image\" src=\"https:\/\/ibacom.eu\/wp-content\/uploads\/2023\/01\/Raphae\u0308l-DASSAUD-POYET.jpg\" alt=\"Raphae\u0308l DASSAUD-POYET\" \/><\/figure><\/div><div class=\"swiper-slide\"><figure class=\"swiper-slide-inner\"><img decoding=\"async\" class=\"swiper-slide-image\" src=\"https:\/\/ibacom.eu\/wp-content\/uploads\/2023\/01\/George-Albert.jpg\" alt=\"George-Albert\" \/><\/figure><\/div><div class=\"swiper-slide\"><figure class=\"swiper-slide-inner\"><img decoding=\"async\" class=\"swiper-slide-image\" src=\"https:\/\/ibacom.eu\/wp-content\/uploads\/2023\/01\/Fre\u0301de\u0301ric-Muhlhaus.jpg\" alt=\"Fre\u0301de\u0301ric-Muhlhaus\" \/><\/figure><\/div><div class=\"swiper-slide\"><figure class=\"swiper-slide-inner\"><img decoding=\"async\" class=\"swiper-slide-image\" src=\"https:\/\/ibacom.eu\/wp-content\/uploads\/2023\/01\/Jean-Franc\u0327ois-Rogue.jpg\" alt=\"Jean-Franc\u0327ois-Rogue\" \/><\/figure><\/div><div class=\"swiper-slide\"><figure class=\"swiper-slide-inner\"><img decoding=\"async\" class=\"swiper-slide-image\" src=\"https:\/\/ibacom.eu\/wp-content\/uploads\/2023\/01\/Quentin-Cardoso.jpg\" alt=\"Quentin-Cardoso\" \/><\/figure><\/div><div class=\"swiper-slide\"><figure class=\"swiper-slide-inner\"><img decoding=\"async\" class=\"swiper-slide-image\" src=\"https:\/\/ibacom.eu\/wp-content\/uploads\/2023\/01\/Pierre-Castagno.jpg\" alt=\"Pierre-Castagno\" \/><\/figure><\/div><div class=\"swiper-slide\"><figure class=\"swiper-slide-inner\"><img decoding=\"async\" class=\"swiper-slide-image\" src=\"https:\/\/ibacom.eu\/wp-content\/uploads\/2023\/01\/Arnaud-Dauthier.jpg\" alt=\"Arnaud-Dauthier\" \/><\/figure><\/div>\t\t\t<\/div>\n\t\t\t\t\t\t\t\t\t\t\t\t<div class=\"swiper-pagination\"><\/div>\n\t\t\t\t\t\t\t\t\t\t\t\t\t<div class=\"elementor-swiper-button elementor-swiper-button-prev\">\n\t\t\t\t\t\t<i aria-hidden=\"true\" class=\"eicon-chevron-left\"><\/i>\t\t\t\t\t\t<span class=\"elementor-screen-only\">Pr\u00e9c\u00e9dent<\/span>\n\t\t\t\t\t<\/div>\n\t\t\t\t\t<div class=\"elementor-swiper-button elementor-swiper-button-next\">\n\t\t\t\t\t\t<i aria-hidden=\"true\" class=\"eicon-chevron-right\"><\/i>\t\t\t\t\t\t<span class=\"elementor-screen-only\">Suivant<\/span>\n\t\t\t\t\t<\/div>\n\t\t\t\t\t\t\t\t\t<\/div>\n\t\t\t\t<\/div>\n\t\t\t\t<\/div>\n\t\t\t\t\t\t<\/div>\n\t\t\t\t\t<\/div>\n\t\t<\/div>\n\t\t\t\t\t\t\t\t<\/div>\n\t\t\t\t\t<\/div>\n\t\t<\/section>\n\t\t\t\t\t\t<\/div>\n\t\t\t\t\t<\/div>\n\t\t<\/div>\n\t\t\t\t\t\t\t\t<\/div>\n\t\t\t\t\t<\/div>\n\t\t<\/section>\n\t\t\t\t<section class=\"elementor-section elementor-top-section elementor-element elementor-element-31e82332 elementor-section-stretched elementor-section-boxed elementor-section-height-default elementor-section-height-default\" data-id=\"31e82332\" data-element_type=\"section\" data-settings=\"{&quot;stretch_section&quot;:&quot;section-stretched&quot;,&quot;background_background&quot;:&quot;classic&quot;}\">\n\t\t\t\t\t\t\t<div class=\"elementor-background-overlay\"><\/div>\n\t\t\t\t\t\t\t<div class=\"elementor-container elementor-column-gap-no\">\n\t\t\t\t\t\t\t<div class=\"elementor-row\">\n\t\t\t\t\t<div class=\"elementor-column elementor-col-100 elementor-top-column elementor-element elementor-element-798f6e0f\" data-id=\"798f6e0f\" data-element_type=\"column\">\n\t\t\t<div class=\"elementor-column-wrap elementor-element-populated\">\n\t\t\t\t\t\t\t<div class=\"elementor-widget-wrap\">\n\t\t\t\t\t\t<section class=\"elementor-section elementor-inner-section elementor-element elementor-element-1ac58d8e elementor-section-boxed elementor-section-height-default elementor-section-height-default\" data-id=\"1ac58d8e\" data-element_type=\"section\">\n\t\t\t\t\t\t<div class=\"elementor-container elementor-column-gap-no\">\n\t\t\t\t\t\t\t<div class=\"elementor-row\">\n\t\t\t\t\t<div class=\"elementor-column elementor-col-100 elementor-inner-column elementor-element elementor-element-79e1b852\" data-id=\"79e1b852\" data-element_type=\"column\">\n\t\t\t<div class=\"elementor-column-wrap elementor-element-populated\">\n\t\t\t\t\t\t\t<div class=\"elementor-widget-wrap\">\n\t\t\t\t\t\t<div class=\"elementor-element elementor-element-270ad85 elementor-widget elementor-widget-text-editor\" data-id=\"270ad85\" data-element_type=\"widget\" data-widget_type=\"text-editor.default\">\n\t\t\t\t<div class=\"elementor-widget-container\">\n\t\t\t\t\t\t\t\t<div class=\"elementor-text-editor elementor-clearfix\">\n\t\t\t\t<h2>Plus qu&rsquo;un m\u00e9tier, une passion<\/h2><p>L&rsquo;agence commerciale Ibacom, a vu le jour en 2011. Cr\u00e9\u00e9e gr\u00e2ce \u00e0 la passion et \u00e0 l&rsquo;ambition de ses dirigeants fondateurs, J\u00e9r\u00f4me Clavel et Philippe Haffner qui avaient accumul\u00e9 de pr\u00e9cieuses ann\u00e9es d&rsquo;exp\u00e9rience en tant que chefs des ventes et commerciaux op\u00e9rant dans le n\u00e9goce de mat\u00e9riaux et les Grandes Surfaces de Bricolage (GSB) en Rh\u00f4ne-Alpes. Avant la naissance d&rsquo;Ibacom, nos fondateurs ont parcouru de longues distances sur les routes de la r\u00e9gion Rh\u00f4ne-Alpes pour repr\u00e9senter diverses entreprises industrielles. Ils ont acquis une expertise inestimable dans la vente, la distribution et la gestion de produits aupr\u00e8s de grandes enseignes grand public et de professionnels du n\u00e9goce.<\/p><p>Ibacom est n\u00e9e de la passion pour la vente et du d\u00e9sir de faire les choses diff\u00e9remment. Nos fondateurs \u00e9taient d\u00e9termin\u00e9s \u00e0 cr\u00e9er une agence commerciale qui se d\u00e9marquerait par son engagement in\u00e9branlable envers la r\u00e9ussite de ses clients. Cette vision a \u00e9t\u00e9 la pierre angulaire de notre entreprise depuis le premier jour. Au fil des ann\u00e9es, Ibacom a d\u00e9velopp\u00e9 une expertise profonde dans le secteur Grand public \/ N\u00e9goce et QFI \/ Sp\u00e9cialistes. Notre \u00e9quipe s&rsquo;est agrandie pour inclure des professionnels talentueux, chacun apportant sa propre exp\u00e9rience et sa passion \u00e0 l&rsquo;entreprise. Cette diversit\u00e9 nous a permis de comprendre les nuances du march\u00e9 et d&rsquo;offrir des solutions sur mesure \u00e0 nos clients.<\/p><h3>Une \u00e9quipe pr\u00eate \u00e0 d\u00e9fendre vos valeurs<\/h3><p>Chez Ibacom, nous sommes fiers de contribuer \u00e0 la croissance de nos clients. Gr\u00e2ce \u00e0 nos efforts acharn\u00e9s, nous avons aid\u00e9 de nombreuses marques \u00e0 gagner en visibilit\u00e9, en notori\u00e9t\u00e9 et en rentabilit\u00e9 sur un march\u00e9 comp\u00e9titif. Nous continuons \u00e0 \u00e9voluer et \u00e0 innover pour offrir \u00e0 nos clients les meilleures opportunit\u00e9s de r\u00e9ussite. Chaque jour, nous mettons en pratique les le\u00e7ons apprises au fil des ann\u00e9es pour cr\u00e9er des solutions personnalis\u00e9es qui permettent \u00e0 nos partenaires de prosp\u00e9rer. Notre \u00e9quipe d&rsquo;agents commerciaux d\u00e9vou\u00e9e est pr\u00eate \u00e0 relever tous les d\u00e9fis pour vous aider \u00e0 atteindre vos objectifs.<\/p><p>Chez Ibacom, votre succ\u00e8s est notre priorit\u00e9 absolue.<\/p>\t\t\t\t\t<\/div>\n\t\t\t\t\t\t<\/div>\n\t\t\t\t<\/div>\n\t\t\t\t<div class=\"elementor-element elementor-element-16a6e950 elementor-align-center elementor-widget elementor-widget-button\" data-id=\"16a6e950\" data-element_type=\"widget\" data-widget_type=\"button.default\">\n\t\t\t\t<div class=\"elementor-widget-container\">\n\t\t\t\t\t<div class=\"elementor-button-wrapper\">\n\t\t\t<a href=\"https:\/\/ibacom.eu\/index.php\/contacts\/\" class=\"elementor-button-link elementor-button elementor-size-sm\" role=\"button\">\n\t\t\t\t\t\t<span class=\"elementor-button-content-wrapper\">\n\t\t\t\t\t\t<span class=\"elementor-button-text\">Contactez-nous !<\/span>\n\t\t<\/span>\n\t\t\t\t\t<\/a>\n\t\t<\/div>\n\t\t\t\t<\/div>\n\t\t\t\t<\/div>\n\t\t\t\t<div class=\"elementor-element elementor-element-34098c04 elementor-widget elementor-widget-image\" data-id=\"34098c04\" data-element_type=\"widget\" data-widget_type=\"image.default\">\n\t\t\t\t<div class=\"elementor-widget-container\">\n\t\t\t\t\t\t\t\t<div class=\"elementor-image\">\n\t\t\t\t\t\t\t\t\t\t\t\t<img decoding=\"async\" width=\"224\" height=\"189\" src=\"https:\/\/ibacom.eu\/wp-content\/uploads\/2020\/02\/about-dot-curve.jpg\" class=\"attachment-large size-large wp-image-11\" alt=\"\" loading=\"lazy\" \/>\t\t\t\t\t\t\t\t\t\t\t\t\t\t<\/div>\n\t\t\t\t\t\t<\/div>\n\t\t\t\t<\/div>\n\t\t\t\t\t\t<\/div>\n\t\t\t\t\t<\/div>\n\t\t<\/div>\n\t\t\t\t\t\t\t\t<\/div>\n\t\t\t\t\t<\/div>\n\t\t<\/section>\n\t\t\t\t\t\t<\/div>\n\t\t\t\t\t<\/div>\n\t\t<\/div>\n\t\t\t\t\t\t\t\t<\/div>\n\t\t\t\t\t<\/div>\n\t\t<\/section>\n\t\t\t\t\t\t\t\t\t<\/div>\n\t\t\t<\/div>\n\t\t\t\t\t<\/div>\n\t\t","protected":false},"excerpt":{"rendered":"<p>L&rsquo;\u00e9quipe IBACOM IBACOM et IBACOM PACA c&rsquo;est 12 collaborateurs passionn\u00e9s, recouvrant 27 d\u00e9partements afin de travailler dans le secteur du grand public mais aussi dans le secteur professionnel. Pr\u00e9c\u00e9dent Suivant Plus qu&rsquo;un m\u00e9tier, une passion L&rsquo;agence commerciale Ibacom, a vu le jour en 2011. Cr\u00e9\u00e9e gr\u00e2ce \u00e0 la passion et [&hellip;]<\/p>\n","protected":false},"author":1,"featured_media":0,"parent":0,"menu_order":0,"comment_status":"closed","ping_status":"closed","template":"","meta":[],"_links":{"self":[{"href":"https:\/\/ibacom.eu\/index.php\/wp-json\/wp\/v2\/pages\/161"}],"collection":[{"href":"https:\/\/ibacom.eu\/index.php\/wp-json\/wp\/v2\/pages"}],"about":[{"href":"https:\/\/ibacom.eu\/index.php\/wp-json\/wp\/v2\/types\/page"}],"author":[{"embeddable":true,"href":"https:\/\/ibacom.eu\/index.php\/wp-json\/wp\/v2\/users\/1"}],"replies":[{"embeddable":true,"href":"https:\/\/ibacom.eu\/index.php\/wp-json\/wp\/v2\/comments?post=161"}],"version-history":[{"count":71,"href":"https:\/\/ibacom.eu\/index.php\/wp-json\/wp\/v2\/pages\/161\/revisions"}],"predecessor-version":[{"id":2383,"href":"https:\/\/ibacom.eu\/index.php\/wp-json\/wp\/v2\/pages\/161\/revisions\/2383"}],"wp:attachment":[{"href":"https:\/\/ibacom.eu\/index.php\/wp-json\/wp\/v2\/media?parent=161"}],"curies":[{"name":"wp","href":"https:\/\/api.w.org\/{rel}","templated":true}]}}